{"id":1173,"date":"2017-03-18T17:18:46","date_gmt":"2017-03-18T16:18:46","guid":{"rendered":"http:\/\/campeggiosanbartolomeo.it\/find-us\/"},"modified":"2026-02-26T18:59:22","modified_gmt":"2026-02-26T17:59:22","slug":"kje-se-nahajamo","status":"publish","type":"page","link":"https:\/\/campeggiosanbartolomeo.it\/sl\/kje-se-nahajamo\/","title":{"rendered":"Kje se nahajamo"},"content":{"rendered":"<p>[et_pb_section fb_built=&#8221;1&#8243; _builder_version=&#8221;4.16&#8243; _module_preset=&#8221;default&#8221; global_colors_info=&#8221;{}&#8221; theme_builder_area=&#8221;post_content&#8221;][et_pb_row make_equal=&#8221;on&#8221; admin_label=&#8221;Riga&#8221; module_id=&#8221;comeRaggiungerci&#8221; _builder_version=&#8221;4.16&#8243; custom_margin=&#8221;0px|||&#8221; custom_padding=&#8221;0px|||&#8221; global_colors_info=&#8221;{}&#8221; theme_builder_area=&#8221;post_content&#8221;][et_pb_column type=&#8221;4_4&#8243; _builder_version=&#8221;4.16&#8243; parallax=&#8221;on&#8221; parallax_method=&#8221;off&#8221; custom_padding=&#8221;|||&#8221; global_colors_info=&#8221;{}&#8221; custom_padding__hover=&#8221;|||&#8221; theme_builder_area=&#8221;post_content&#8221;][et_pb_text admin_label=&#8221;Intro&#8221; _builder_version=&#8221;4.16&#8243; text_font_size=&#8221;20&#8243; text_line_height=&#8221;1.8em&#8221; header_text_color=&#8221;#3d9140&#8243; header_font_size=&#8221;49px&#8221; background_size=&#8221;initial&#8221; background_position=&#8221;top_left&#8221; background_repeat=&#8221;repeat&#8221; text_orientation=&#8221;center&#8221; module_alignment=&#8221;center&#8221; use_border_color=&#8221;off&#8221; border_color=&#8221;#ffffff&#8221; border_style=&#8221;solid&#8221; saved_tabs=&#8221;all&#8221; global_colors_info=&#8221;{}&#8221; theme_builder_area=&#8221;post_content&#8221;]<\/p>\n<h2>Pot do nas je enostavna!<\/h2>\n<p><em>Iz smeri Milje (Muggia) se peljete po obmorski cesti proti smeri Lazaret (Lazzaretto) \u2013 SP14. Odprti smo od 8.00 zjutraj do polno\u010di.<\/em>[\/et_pb_text][et_pb_blurb title=&#8221;Google Navodila&#8221; url=&#8221;https:\/\/www.google.it\/maps\/place\/Camping+San+Bartolomeo\/@45.59686,13.724008,15z\/data=!4m5!3m4!1s0x0:0x6753e4cb09effed2!8m2!3d45.59686!4d13.724008&#8243; url_new_window=&#8221;on&#8221; use_icon=&#8221;on&#8221; font_icon=&#8221;&#xe01d;||divi||400&#8243; image_icon_width=&#8221;30px&#8221; admin_label=&#8221;le indicazioni di google&#8221; _builder_version=&#8221;4.16&#8243; background_size=&#8221;initial&#8221; background_position=&#8221;top_left&#8221; background_repeat=&#8221;repeat&#8221; text_orientation=&#8221;center&#8221; animation=&#8221;off&#8221; use_border_color=&#8221;off&#8221; border_color=&#8221;#ffffff&#8221; border_style=&#8221;solid&#8221; icon_font_size=&#8221;30px&#8221; global_colors_info=&#8221;{}&#8221; theme_builder_area=&#8221;post_content&#8221;][\/et_pb_blurb][et_pb_text admin_label=&#8221;GPS&#8221; _builder_version=&#8221;4.16&#8243; background_size=&#8221;initial&#8221; background_position=&#8221;top_left&#8221; background_repeat=&#8221;repeat&#8221; text_orientation=&#8221;center&#8221; module_alignment=&#8221;center&#8221; use_border_color=&#8221;off&#8221; border_color=&#8221;#ffffff&#8221; border_style=&#8221;solid&#8221; saved_tabs=&#8221;all&#8221; global_colors_info=&#8221;{}&#8221; theme_builder_area=&#8221;post_content&#8221;]GPS (WGS 84): 45\u00b0 35&#8242; 48,697 N &#8211; 13\u00b0 43&#8242; 26,428 E<br \/>\n[\/et_pb_text][et_pb_code admin_label=&#8221;Codice Googlemap&#8221; _builder_version=&#8221;4.27.5&#8243; text_orientation=&#8221;center&#8221; global_colors_info=&#8221;{}&#8221; theme_builder_area=&#8221;post_content&#8221;]<iframe loading=\"lazy\" src=\"https:\/\/www.google.com\/maps\/embed?pb=!1m14!1m8!1m3!1d11166.743332577715!2d13.724008!3d45.59686!3m2!1i1024!2i768!4f13.1!3m3!1m2!1s0x0%3A0x6753e4cb09effed2!2sCamping+San+Bartolomeo!5e0!3m2!1sit!2sit!4v1491040978662\" width=\"800\" height=\"600\" frameborder=\"0\" style=\"border:0\" allowfullscreen><\/iframe>[\/et_pb_code][\/et_pb_column][\/et_pb_row][et_pb_row admin_label=&#8221;Riga&#8221; _builder_version=&#8221;4.16&#8243; global_colors_info=&#8221;{}&#8221; theme_builder_area=&#8221;post_content&#8221;][et_pb_column type=&#8221;4_4&#8243; _builder_version=&#8221;4.16&#8243; custom_padding=&#8221;|||&#8221; global_colors_info=&#8221;{}&#8221; custom_padding__hover=&#8221;|||&#8221; theme_builder_area=&#8221;post_content&#8221;][et_pb_divider color=&#8221;#448004&#8243; divider_style=&#8221;dashed&#8221; disabled_on=&#8221;off&#8221; _builder_version=&#8221;4.16&#8243; hide_on_mobile=&#8221;off&#8221; saved_tabs=&#8221;all&#8221; global_colors_info=&#8221;{}&#8221; theme_builder_area=&#8221;post_content&#8221;][\/et_pb_divider][\/et_pb_column][\/et_pb_row][et_pb_row admin_label=&#8221;Riga&#8221; module_id=&#8221;okolis&#8221; _builder_version=&#8221;4.16&#8243; custom_padding=&#8221;0px|||&#8221; global_colors_info=&#8221;{}&#8221; theme_builder_area=&#8221;post_content&#8221;][et_pb_column type=&#8221;4_4&#8243; _builder_version=&#8221;4.16&#8243; custom_padding=&#8221;|||&#8221; global_colors_info=&#8221;{}&#8221; custom_padding__hover=&#8221;|||&#8221; theme_builder_area=&#8221;post_content&#8221;][et_pb_text admin_label=&#8221;titolo Nei paraggi&#8221; _builder_version=&#8221;4.16&#8243; text_font=&#8221;Crete Round||||&#8221; text_text_color=&#8221;#ff4404&#8243; text_font_size=&#8221;32&#8243; background_size=&#8221;initial&#8221; background_position=&#8221;top_left&#8221; background_repeat=&#8221;repeat&#8221; text_orientation=&#8221;center&#8221; module_alignment=&#8221;center&#8221; custom_margin=&#8221;||20px|&#8221; custom_margin_tablet=&#8221;20px||20px|&#8221; custom_margin_phone=&#8221;&#8221; custom_margin_last_edited=&#8221;on|tablet&#8221; custom_padding=&#8221;20px||20px|&#8221; use_border_color=&#8221;off&#8221; border_color=&#8221;#ffffff&#8221; border_style=&#8221;solid&#8221; saved_tabs=&#8221;all&#8221; global_colors_info=&#8221;{}&#8221; theme_builder_area=&#8221;post_content&#8221;]Okoli\u0161<br \/>\n[\/et_pb_text][et_pb_text admin_label=&#8221;Intro&#8221; _builder_version=&#8221;4.16&#8243; text_font_size=&#8221;20&#8243; text_line_height=&#8221;1.8em&#8221; header_text_color=&#8221;#3d9140&#8243; header_font_size=&#8221;49px&#8221; background_size=&#8221;initial&#8221; background_position=&#8221;top_left&#8221; background_repeat=&#8221;repeat&#8221; text_orientation=&#8221;center&#8221; module_alignment=&#8221;center&#8221; use_border_color=&#8221;off&#8221; border_color=&#8221;#ffffff&#8221; border_style=&#8221;solid&#8221; saved_tabs=&#8221;all&#8221; global_colors_info=&#8221;{}&#8221; theme_builder_area=&#8221;post_content&#8221;]Kamp je idealna lokacija za odmor med dalj\u0161imi potovanji, saj se nahaja nedale\u010d od Italijansko-Slovenske meje. Tu lahko naredite kraj\u0161i odmor med dolgimi potovanji in razi\u0161\u010dete skrivnosti tega obmejnega ko\u0161\u010dka sveta.<br \/>\n[\/et_pb_text][\/et_pb_column][\/et_pb_row][et_pb_row column_structure=&#8221;1_2,1_2&#8243; make_equal=&#8221;on&#8221; admin_label=&#8221;Riga&#8221; _builder_version=&#8221;4.16&#8243; global_colors_info=&#8221;{}&#8221; theme_builder_area=&#8221;post_content&#8221;][et_pb_column type=&#8221;1_2&#8243; _builder_version=&#8221;4.16&#8243; custom_padding=&#8221;|||&#8221; global_colors_info=&#8221;{}&#8221; custom_padding__hover=&#8221;|||&#8221; theme_builder_area=&#8221;post_content&#8221;][et_pb_text admin_label=&#8221;A pochi metri&#8221; _builder_version=&#8221;4.27.5&#8243; background_size=&#8221;initial&#8221; background_position=&#8221;top_left&#8221; background_repeat=&#8221;repeat&#8221; text_orientation=&#8221;justified&#8221; module_alignment=&#8221;justified&#8221; hover_enabled=&#8221;0&#8243; use_border_color=&#8221;off&#8221; border_color=&#8221;#ffffff&#8221; border_style=&#8221;solid&#8221; global_colors_info=&#8221;{}&#8221; theme_builder_area=&#8221;post_content&#8221; sticky_enabled=&#8221;0&#8243;]<\/p>\n<h3>Le nekaj metrov od kampa<\/h3>\n<p>Le nekaj metrov stran, \u010disto v bli\u017eini, sta javna kopali\u0161\u010dna pla\u017ea in slikovito majhno pristani\u0161\u010de.<\/p>\n<p>Malo dlje se nahaja <strong>Vigna sul Mar<\/strong>, kmetija, kjer lahko poskusite tipi\u010dna lokalna vina.<\/p>\n<p><strong>Avtobusna postaja<\/strong> za Milje (Muggia) in Trst je oddaljena le 10 metrov od kampa.<\/p>\n<p>1 km stran je <strong>Acquario<\/strong>, urejena obalna promenada s pla\u017eo, skate parkom, igri\u0161\u010dem za odbojko na mivki, calisthenics parkom, balini\u0161\u010dem, polnilnicami za e-kolesa, ve\u010d bari in velikimi parkiri\u0161\u010di.<\/p>\n<p>2 km stran se nahaja <strong>Porto San Rocco<\/strong>, velik turisti\u010dni in marinski kompleks z obse\u017eno infrastrukturo.<\/p>\n<p>[\/et_pb_text][\/et_pb_column][et_pb_column type=&#8221;1_2&#8243; _builder_version=&#8221;4.16&#8243; custom_padding=&#8221;|||&#8221; global_colors_info=&#8221;{}&#8221; custom_padding__hover=&#8221;|||&#8221; theme_builder_area=&#8221;post_content&#8221;][et_pb_text admin_label=&#8221;Muggia e Trieste&#8221; _builder_version=&#8221;4.27.5&#8243; background_size=&#8221;initial&#8221; background_position=&#8221;top_left&#8221; background_repeat=&#8221;repeat&#8221; text_orientation=&#8221;justified&#8221; module_alignment=&#8221;justified&#8221; use_border_color=&#8221;off&#8221; border_color=&#8221;#ffffff&#8221; border_style=&#8221;solid&#8221; global_colors_info=&#8221;{}&#8221; theme_builder_area=&#8221;post_content&#8221;]<\/p>\n<h3>Le nekaj kilometrov od kampa<\/h3>\n<p><strong>Milje (Muggia)<\/strong>, majhno, tipi\u010dno, mestece v bene\u0161kem stilu, ki razkriva zanimiva kulinari\u010dna do\u017eivetja se nahaja le 5 km stran od kampa.<\/p>\n<p>Milje pre\u010dka znana kolesarska proga imenovana \u00bb<strong>Parenzana<\/strong>\u00ab, ki obsega 132 km, vse od Trsta (Trieste) do Pore\u010da (Parenzo).<\/p>\n<p><strong>Trst (Trieste)<\/strong>, idili\u010dno in neobi\u010dajno mesto, katerega morate obiskati , je od kampa oddaljeno pribli\u017eno petnajst kilometrov. Z avtomobilom ste v Trstu v pribli\u017eno pol ure. Lahko pa se odlo\u010dite tudi za vo\u017enjo z avtobusom ali prakti\u010dnim morskim plovilom \u00bbDelfino Verde\u00ab &#8211; linijski trajekt, ki vozi iz centra Milj (Muggia) v \u010dasovnem razmiku pribli\u017eno ene ure.<\/p>\n<p>[\/et_pb_text][\/et_pb_column][\/et_pb_row][et_pb_row admin_label=&#8221;Riga&#8221; _builder_version=&#8221;4.16&#8243; locked=&#8221;off&#8221; global_colors_info=&#8221;{}&#8221; theme_builder_area=&#8221;post_content&#8221;][et_pb_column type=&#8221;4_4&#8243; _builder_version=&#8221;4.16&#8243; custom_padding=&#8221;|||&#8221; global_colors_info=&#8221;{}&#8221; custom_padding__hover=&#8221;|||&#8221; theme_builder_area=&#8221;post_content&#8221;][et_pb_icon font_icon=&#8221;&#xf5a0;||fa||900&#8243; icon_color=&#8221;#ff4404&#8243; url=&#8221;https:\/\/maps.app.goo.gl\/TVqYb8Yw4NxWfcQt5&#8243; url_new_window=&#8221;on&#8221; _builder_version=&#8221;4.27.5&#8243; _module_preset=&#8221;default&#8221; global_colors_info=&#8221;{}&#8221; theme_builder_area=&#8221;post_content&#8221;][\/et_pb_icon][et_pb_text admin_label=&#8221;pdf Muggia e Trieste&#8221; _builder_version=&#8221;4.27.5&#8243; text_font=&#8221;||||||||&#8221; text_orientation=&#8221;center&#8221; module_alignment=&#8221;left&#8221; use_border_color=&#8221;off&#8221; border_color=&#8221;#ffffff&#8221; border_style=&#8221;solid&#8221; global_colors_info=&#8221;{}&#8221; theme_builder_area=&#8221;post_content&#8221;]<\/p>\n<h4>Discover our suggestions around the Camping!<\/h4>\n<p><a href=\"https:\/\/maps.app.goo.gl\/TVqYb8Yw4NxWfcQt5\" target=\"_blank\" rel=\"noopener\">open Google Maps<\/a>[\/et_pb_text][\/et_pb_column][\/et_pb_row][et_pb_row column_structure=&#8221;1_2,1_2&#8243; make_equal=&#8221;on&#8221; admin_label=&#8221;Riga&#8221; module_id=&#8221;sitiUtili&#8221; _builder_version=&#8221;4.16&#8243; global_colors_info=&#8221;{}&#8221; theme_builder_area=&#8221;post_content&#8221;][et_pb_column type=&#8221;1_2&#8243; _builder_version=&#8221;4.16&#8243; custom_padding=&#8221;|||&#8221; global_colors_info=&#8221;{}&#8221; custom_padding__hover=&#8221;|||&#8221; theme_builder_area=&#8221;post_content&#8221;][et_pb_text admin_label=&#8221;Slovenia&#8221; _builder_version=&#8221;4.16&#8243; background_size=&#8221;initial&#8221; background_position=&#8221;top_left&#8221; background_repeat=&#8221;repeat&#8221; text_orientation=&#8221;justified&#8221; module_alignment=&#8221;justified&#8221; use_border_color=&#8221;off&#8221; border_color=&#8221;#ffffff&#8221; border_style=&#8221;solid&#8221; global_colors_info=&#8221;{}&#8221; theme_builder_area=&#8221;post_content&#8221;]<\/p>\n<h3>Izkusi radosti Slovenije<\/h3>\n<p>Meja z Republiko Slovenijo je le 100 metrov oddaljena od na\u0161ega kampa. Naj vas opomnimo na le nekaj krajev, kamor se lahko napotite na pol-urne idili\u010dne in sprostitvene izlete:<\/p>\n<ul>\n<li>Koper 10 km<\/li>\n<li>Portoro\u017e in Piran 30 km<\/li>\n<li>\u0160kocjanske jame 30 km<\/li>\n<li>Postojnska jama 50 km<\/li>\n<\/ul>\n<p>[\/et_pb_text][\/et_pb_column][et_pb_column type=&#8221;1_2&#8243; _builder_version=&#8221;4.16&#8243; custom_padding=&#8221;|||&#8221; global_colors_info=&#8221;{}&#8221; custom_padding__hover=&#8221;|||&#8221; theme_builder_area=&#8221;post_content&#8221;][et_pb_text admin_label=&#8221;Link utili&#8221; _builder_version=&#8221;4.27.5&#8243; background_size=&#8221;initial&#8221; background_position=&#8221;top_left&#8221; background_repeat=&#8221;repeat&#8221; text_orientation=&#8221;justified&#8221; module_alignment=&#8221;justified&#8221; use_border_color=&#8221;off&#8221; border_color=&#8221;#ffffff&#8221; border_style=&#8221;solid&#8221; global_colors_info=&#8221;{}&#8221; theme_builder_area=&#8221;post_content&#8221;]<\/p>\n<h3>Uporabne povezave<\/h3>\n<p>Trieste Trasporti (Trst Prevozi): <a href=\"https:\/\/www.triestetrasporti.it\/it\/trasporto-pubblico\/linee-orari\/linea-7\" target=\"_blank\" rel=\"noopener\">urnik proge 7 \u2013 Lazaret \/ Milje<\/a><br \/>\nTrieste Trasporti (Trst Prevozi): <a href=\"https:\/\/www.triestetrasporti.it\/it\/servizi-marittimi\/trieste-muggia\" target=\"_blank\" rel=\"noopener\">urnik linijskega trajekta \u00bbDelfino Blu\u00ab &#8211; Milje \/ Trst<\/a><br \/>\n<a href=\"https:\/\/www.muggiacultura.eu\/\" target=\"_blank\" rel=\"noopener noreferrer\">Muggia Cultura<\/a><br \/>\n<a href=\"https:\/\/www.parenzana.it\/\" target=\"_blank\" rel=\"noopener\">Parenzana<\/a>: 132 km od Trsta do Pore\u010da<br \/>\n<a href=\"https:\/\/www.discover-trieste.it\/\" target=\"_blank\" rel=\"noopener noreferrer\">Discover Trieste<\/a>: Convention and visitors bureau<br \/>\n<a href=\"https:\/\/www.turismofvg.it\/\" target=\"_blank\" rel=\"noopener\">Turismo FVG<\/a>: turisti\u010dni vodi\u010d obmo\u010dja Furlanija Julijska krajna[\/et_pb_text][\/et_pb_column][\/et_pb_row][et_pb_row admin_label=&#8221;Riga&#8221; _builder_version=&#8221;4.16&#8243; global_colors_info=&#8221;{}&#8221; theme_builder_area=&#8221;post_content&#8221;][et_pb_column type=&#8221;4_4&#8243; _builder_version=&#8221;4.16&#8243; custom_padding=&#8221;|||&#8221; global_colors_info=&#8221;{}&#8221; custom_padding__hover=&#8221;|||&#8221; theme_builder_area=&#8221;post_content&#8221;][et_pb_blurb title=&#8221;Enjoy!&#8221; url=&#8221;https:\/\/campeggiosanbartolomeo.it\/en\/contact-us\/&#8221; image=&#8221;https:\/\/campeggiosanbartolomeo.it\/wp-content\/uploads\/2017\/03\/logoAzzurro524.png&#8221; image_icon_width=&#8221;150px&#8221; admin_label=&#8221;Blurb Enjoy&#8221; _builder_version=&#8221;4.16&#8243; header_font=&#8221;|||on|&#8221; header_text_align=&#8221;center&#8221; header_font_size=&#8221;28&#8243; text_orientation=&#8221;center&#8221; border_color_all=&#8221;#ffffff&#8221; use_border_color=&#8221;off&#8221; image_max_width=&#8221;150px&#8221; saved_tabs=&#8221;all&#8221; global_colors_info=&#8221;{}&#8221; theme_builder_area=&#8221;post_content&#8221;][\/et_pb_blurb][\/et_pb_column][\/et_pb_row][\/et_pb_section]<\/p>\n","protected":false},"excerpt":{"rendered":"<p>Pot do nas je enostavna! Iz smeri Milje (Muggia) se peljete po obmorski cesti proti smeri Lazaret (Lazzaretto) \u2013 SP14. Odprti smo od 8.00 zjutraj do polno\u010di.GPS (WGS 84): 45\u00b0 35&#8242; 48,697 N &#8211; 13\u00b0 43&#8242; 26,428 E Okoli\u0161 Kamp je idealna lokacija za odmor med dalj\u0161imi potovanji, saj se nahaja nedale\u010d od Italijansko-Slovenske meje. [&hellip;]<\/p>\n","protected":false},"author":1,"featured_media":0,"parent":0,"menu_order":0,"comment_status":"closed","ping_status":"closed","template":"","meta":{"_et_pb_use_builder":"on","_et_pb_old_content":"","_et_gb_content_width":"","footnotes":""},"class_list":["post-1173","page","type-page","status-publish","hentry"],"_links":{"self":[{"href":"https:\/\/campeggiosanbartolomeo.it\/sl\/wp-json\/wp\/v2\/pages\/1173","targetHints":{"allow":["GET"]}}],"collection":[{"href":"https:\/\/campeggiosanbartolomeo.it\/sl\/wp-json\/wp\/v2\/pages"}],"about":[{"href":"https:\/\/campeggiosanbartolomeo.it\/sl\/wp-json\/wp\/v2\/types\/page"}],"author":[{"embeddable":true,"href":"https:\/\/campeggiosanbartolomeo.it\/sl\/wp-json\/wp\/v2\/users\/1"}],"replies":[{"embeddable":true,"href":"https:\/\/campeggiosanbartolomeo.it\/sl\/wp-json\/wp\/v2\/comments?post=1173"}],"version-history":[{"count":24,"href":"https:\/\/campeggiosanbartolomeo.it\/sl\/wp-json\/wp\/v2\/pages\/1173\/revisions"}],"predecessor-version":[{"id":105111,"href":"https:\/\/campeggiosanbartolomeo.it\/sl\/wp-json\/wp\/v2\/pages\/1173\/revisions\/105111"}],"wp:attachment":[{"href":"https:\/\/campeggiosanbartolomeo.it\/sl\/wp-json\/wp\/v2\/media?parent=1173"}],"curies":[{"name":"wp","href":"https:\/\/api.w.org\/{rel}","templated":true}]}}