{"id":1297,"date":"2017-04-02T15:31:53","date_gmt":"2017-04-02T13:31:53","guid":{"rendered":"http:\/\/campeggiosanbartolomeo.it\/campeggio-san-bartolomeo\/"},"modified":"2024-07-05T10:14:59","modified_gmt":"2024-07-05T08:14:59","slug":"campeggio-san-bartolomeo","status":"publish","type":"page","link":"https:\/\/campeggiosanbartolomeo.it\/de\/","title":{"rendered":"San Bartolomeo Campingplatz"},"content":{"rendered":"<p>[et_pb_section fb_built=&#8220;1&#8243; custom_padding_last_edited=&#8220;on|phone&#8220; _builder_version=&#8220;4.25.2&#8243; _module_preset=&#8220;default&#8220; custom_padding_tablet=&#8220;0px||||false|false&#8220; custom_padding_phone=&#8220;0px||||false|false&#8220; global_colors_info=&#8220;{}&#8220;][et_pb_row make_equal=&#8220;on&#8220; admin_label=&#8220;Riga&#8220; _builder_version=&#8220;4.25.2&#8243; width=&#8220;90%&#8220; width_tablet=&#8220;100%&#8220; width_phone=&#8220;100%&#8220; width_last_edited=&#8220;on|tablet&#8220; custom_margin=&#8220;0px|||&#8220; custom_padding=&#8220;0px|||&#8220; global_colors_info=&#8220;{}&#8220;][et_pb_column type=&#8220;4_4&#8243; _builder_version=&#8220;4.16&#8243; parallax=&#8220;on&#8220; parallax_method=&#8220;off&#8220; custom_padding=&#8220;|||&#8220; global_colors_info=&#8220;{}&#8220; custom_padding__hover=&#8220;|||&#8220;][et_pb_slider show_content_on_mobile=&#8220;off&#8220; show_cta_on_mobile=&#8220;off&#8220; admin_label=&#8220;Spider EN&#8220; _builder_version=&#8220;4.26.0&#8243; background_position=&#8220;top_left&#8220; custom_padding_tablet=&#8220;200px||100px||false|false&#8220; custom_padding_phone=&#8220;200px||100px||false|false&#8220; custom_padding_last_edited=&#8220;on|tablet&#8220; auto=&#8220;on&#8220; hover_enabled=&#8220;0&#8243; remove_inner_shadow=&#8220;off&#8220; hide_content_on_mobile=&#8220;off&#8220; hide_cta_on_mobile=&#8220;off&#8220; show_inner_shadow=&#8220;off&#8220; global_colors_info=&#8220;{}&#8220; button_text_size__hover_enabled=&#8220;off&#8220; button_one_text_size__hover_enabled=&#8220;off&#8220; button_two_text_size__hover_enabled=&#8220;off&#8220; button_text_color__hover_enabled=&#8220;off&#8220; button_one_text_color__hover_enabled=&#8220;off&#8220; button_two_text_color__hover_enabled=&#8220;off&#8220; button_border_width__hover_enabled=&#8220;off&#8220; button_one_border_width__hover_enabled=&#8220;off&#8220; button_two_border_width__hover_enabled=&#8220;off&#8220; button_border_color__hover_enabled=&#8220;off&#8220; button_one_border_color__hover_enabled=&#8220;off&#8220; button_two_border_color__hover_enabled=&#8220;off&#8220; button_border_radius__hover_enabled=&#8220;off&#8220; button_one_border_radius__hover_enabled=&#8220;off&#8220; button_two_border_radius__hover_enabled=&#8220;off&#8220; button_letter_spacing__hover_enabled=&#8220;off&#8220; button_one_letter_spacing__hover_enabled=&#8220;off&#8220; button_two_letter_spacing__hover_enabled=&#8220;off&#8220; button_bg_color__hover_enabled=&#8220;off&#8220; button_one_bg_color__hover_enabled=&#8220;off&#8220; button_two_bg_color__hover_enabled=&#8220;off&#8220; sticky_enabled=&#8220;0&#8243;][et_pb_slide heading=&#8220;Von 8 Uhr morgens bis zur Mitternacht&#8220; button_text=&#8220;Einfach!&#8220; button_link=&#8220;https:\/\/campeggiosanbartolomeo.it\/de\/der-campingplatz\/&#8220; use_bg_overlay=&#8220;off&#8220; use_text_overlay=&#8220;off&#8220; _builder_version=&#8220;4.21.0&#8243; header_font=&#8220;||||&#8220; body_font=&#8220;||||&#8220; background_color=&#8220;#ffffff&#8220; background_image=&#8220;https:\/\/campeggiosanbartolomeo.it\/wp-content\/uploads\/2017\/03\/muralesIntero.jpg&#8220; background_position=&#8220;top_left&#8220; custom_button=&#8220;on&#8220; button_bg_color=&#8220;#ff4404&#8243; button_font=&#8220;|||on|&#8220; button_bg_color_hover=&#8220;#ff4404&#8243; global_colors_info=&#8220;{}&#8220; button_text_size__hover_enabled=&#8220;off&#8220; button_one_text_size__hover_enabled=&#8220;off&#8220; button_two_text_size__hover_enabled=&#8220;off&#8220; button_text_color__hover_enabled=&#8220;off&#8220; button_one_text_color__hover_enabled=&#8220;off&#8220; button_two_text_color__hover_enabled=&#8220;off&#8220; button_border_width__hover_enabled=&#8220;off&#8220; button_one_border_width__hover_enabled=&#8220;off&#8220; button_two_border_width__hover_enabled=&#8220;off&#8220; button_border_color__hover_enabled=&#8220;off&#8220; button_one_border_color__hover_enabled=&#8220;off&#8220; button_two_border_color__hover_enabled=&#8220;off&#8220; button_border_radius__hover_enabled=&#8220;off&#8220; button_one_border_radius__hover_enabled=&#8220;off&#8220; button_two_border_radius__hover_enabled=&#8220;off&#8220; button_letter_spacing__hover_enabled=&#8220;off&#8220; button_one_letter_spacing__hover_enabled=&#8220;off&#8220; button_two_letter_spacing__hover_enabled=&#8220;off&#8220; button_bg_color__hover_enabled=&#8220;on&#8220; button_bg_color__hover=&#8220;#ff4404&#8243; button_one_bg_color__hover_enabled=&#8220;off&#8220; button_two_bg_color__hover_enabled=&#8220;off&#8220; sticky_transition=&#8220;on&#8220;][\/et_pb_slide][et_pb_slide heading=&#8220;60.000 qm von sattem Gr\u00fcn&#8220; button_text=&#8220;Perfekt f\u00fcr ein paar Erholungstage!&#8220; button_link=&#8220;https:\/\/campeggiosanbartolomeo.it\/de\/der-campingplatz\/&#8220; use_bg_overlay=&#8220;off&#8220; use_text_overlay=&#8220;off&#8220; _builder_version=&#8220;4.16&#8243; header_font=&#8220;||||&#8220; body_font=&#8220;||||&#8220; background_color=&#8220;#ffffff&#8220; background_image=&#8220;https:\/\/campeggiosanbartolomeo.it\/wp-content\/uploads\/2017\/03\/piazzole.jpg&#8220; background_position=&#8220;top_left&#8220; custom_button=&#8220;on&#8220; button_bg_color=&#8220;#1874cd&#8220; button_font=&#8220;|||on|&#8220; global_colors_info=&#8220;{}&#8220; button_text_size__hover_enabled=&#8220;off&#8220; button_one_text_size__hover_enabled=&#8220;off&#8220; button_two_text_size__hover_enabled=&#8220;off&#8220; button_text_color__hover_enabled=&#8220;off&#8220; button_one_text_color__hover_enabled=&#8220;off&#8220; button_two_text_color__hover_enabled=&#8220;off&#8220; button_border_width__hover_enabled=&#8220;off&#8220; button_one_border_width__hover_enabled=&#8220;off&#8220; button_two_border_width__hover_enabled=&#8220;off&#8220; button_border_color__hover_enabled=&#8220;off&#8220; button_one_border_color__hover_enabled=&#8220;off&#8220; button_two_border_color__hover_enabled=&#8220;off&#8220; button_border_radius__hover_enabled=&#8220;off&#8220; button_one_border_radius__hover_enabled=&#8220;off&#8220; button_two_border_radius__hover_enabled=&#8220;off&#8220; button_letter_spacing__hover_enabled=&#8220;off&#8220; button_one_letter_spacing__hover_enabled=&#8220;off&#8220; button_two_letter_spacing__hover_enabled=&#8220;off&#8220; button_bg_color__hover_enabled=&#8220;off&#8220; button_one_bg_color__hover_enabled=&#8220;off&#8220; button_two_bg_color__hover_enabled=&#8220;off&#8220; sticky_transition=&#8220;on&#8220;][\/et_pb_slide][et_pb_slide heading=&#8220;Die Anreise ist einfach!&#8220; button_text=&#8220;Entdecken Sie diesen Teil der Welt!&#8220; button_link=&#8220;https:\/\/campeggiosanbartolomeo.it\/de\/lage\/&#8220; use_bg_overlay=&#8220;off&#8220; use_text_overlay=&#8220;off&#8220; _builder_version=&#8220;4.16&#8243; header_font=&#8220;||||&#8220; body_font=&#8220;||||&#8220; background_color=&#8220;#ffffff&#8220; background_image=&#8220;https:\/\/campeggiosanbartolomeo.it\/wp-content\/uploads\/2017\/03\/spiaggiaPanoramaColorfull.jpg&#8220; background_position=&#8220;top_left&#8220; custom_button=&#8220;on&#8220; button_bg_color=&#8220;#40ae49&#8243; button_font=&#8220;|||on|&#8220; button_bg_color_hover=&#8220;#40ae49&#8243; global_colors_info=&#8220;{}&#8220; button_text_size__hover_enabled=&#8220;off&#8220; button_one_text_size__hover_enabled=&#8220;off&#8220; button_two_text_size__hover_enabled=&#8220;off&#8220; button_text_color__hover_enabled=&#8220;off&#8220; button_one_text_color__hover_enabled=&#8220;off&#8220; button_two_text_color__hover_enabled=&#8220;off&#8220; button_border_width__hover_enabled=&#8220;off&#8220; button_one_border_width__hover_enabled=&#8220;off&#8220; button_two_border_width__hover_enabled=&#8220;off&#8220; button_border_color__hover_enabled=&#8220;off&#8220; button_one_border_color__hover_enabled=&#8220;off&#8220; button_two_border_color__hover_enabled=&#8220;off&#8220; button_border_radius__hover_enabled=&#8220;off&#8220; button_one_border_radius__hover_enabled=&#8220;off&#8220; button_two_border_radius__hover_enabled=&#8220;off&#8220; button_letter_spacing__hover_enabled=&#8220;off&#8220; button_one_letter_spacing__hover_enabled=&#8220;off&#8220; button_two_letter_spacing__hover_enabled=&#8220;off&#8220; button_bg_color__hover_enabled=&#8220;on&#8220; button_bg_color__hover=&#8220;#40ae49&#8243; button_one_bg_color__hover_enabled=&#8220;off&#8220; button_two_bg_color__hover_enabled=&#8220;off&#8220; sticky_transition=&#8220;on&#8220;][\/et_pb_slide][\/et_pb_slider][\/et_pb_column][\/et_pb_row][et_pb_row admin_label=&#8220;Riga&#8220; _builder_version=&#8220;4.16&#8243; custom_padding=&#8220;0px|||&#8220; global_colors_info=&#8220;{}&#8220;][et_pb_column type=&#8220;4_4&#8243; _builder_version=&#8220;4.16&#8243; custom_padding=&#8220;|||&#8220; global_colors_info=&#8220;{}&#8220; custom_padding__hover=&#8220;|||&#8220;][et_pb_text admin_label=&#8220;Intro DE&#8220; _builder_version=&#8220;4.16&#8243; text_font_size=&#8220;20&#8243; text_line_height=&#8220;1.8em&#8220; header_text_color=&#8220;#3d9140&#8243; header_font_size=&#8220;49px&#8220; background_size=&#8220;initial&#8220; background_position=&#8220;top_left&#8220; background_repeat=&#8220;repeat&#8220; text_orientation=&#8220;center&#8220; module_alignment=&#8220;center&#8220; use_border_color=&#8220;off&#8220; border_color=&#8220;#ffffff&#8220; border_style=&#8220;solid&#8220; saved_tabs=&#8220;all&#8220; global_colors_info=&#8220;{}&#8220;]<\/p>\n<p><em>Campingplatz am Meer.<br \/>\nGem\u00fctliche Stimmung, mitten im Gr\u00fcnen, perfekt f\u00fcr ein paar Erholungstage.<br \/>\nMachen Sie einen Zwischenstopp hier und entdecken Sie diesen Teil der Welt, es ist einfach!<\/em><\/p>\n<p>[\/et_pb_text][\/et_pb_column][\/et_pb_row][et_pb_row _builder_version=&#8220;4.21.0&#8243; _module_preset=&#8220;default&#8220; saved_tabs=&#8220;all&#8220; global_colors_info=&#8220;{}&#8220;][et_pb_column type=&#8220;4_4&#8243; _builder_version=&#8220;4.21.0&#8243; _module_preset=&#8220;default&#8220; global_colors_info=&#8220;{}&#8220;][et_pb_divider divider_style=&#8220;dashed&#8220; admin_label=&#8220;Modulo Separatore&#8220; _builder_version=&#8220;4.19.4&#8243; hide_on_mobile=&#8220;off&#8220; global_colors_info=&#8220;{}&#8220;][\/et_pb_divider][et_pb_text _builder_version=&#8220;4.21.0&#8243; _module_preset=&#8220;default&#8220; text_orientation=&#8220;center&#8220; global_colors_info=&#8220;{}&#8220;]<\/p>\n<p>Ab dem 15.07.2023 wird die Kurtaxe der Gemeinde Muggia erhoben: 1,00 \u20ac pro Tag f\u00fcr jeden erwachsenen Gast, f\u00fcr jede Nacht bis maximal zehn N\u00e4chte (<a href=\"https:\/\/campeggiosanbartolomeo.it\/wp-content\/uploads\/2023\/07\/TASSA-DI-SOGGIORNO-INFORMATIVA_MUGGIA_BILINGUE.pdf\" target=\"_blank\" rel=\"noopener\" title=\"PDF-Informationen zur Gemeinde Muggia\">PDF-Informationen zur Gemeinde Muggia<\/a>).<\/p>\n<p>[\/et_pb_text][et_pb_divider divider_style=&#8220;dashed&#8220; admin_label=&#8220;Modulo Separatore&#8220; _builder_version=&#8220;4.19.4&#8243; hide_on_mobile=&#8220;off&#8220; global_colors_info=&#8220;{}&#8220;][\/et_pb_divider][\/et_pb_column][\/et_pb_row][et_pb_row admin_label=&#8220;Riga&#8220; _builder_version=&#8220;4.25.2&#8243; width=&#8220;90%&#8220; width_tablet=&#8220;100%&#8220; width_phone=&#8220;100%&#8220; width_last_edited=&#8220;on|tablet&#8220; global_colors_info=&#8220;{}&#8220;][et_pb_column type=&#8220;4_4&#8243; _builder_version=&#8220;4.16&#8243; background_color=&#8220;#1874cd&#8220; custom_padding=&#8220;20px||20px|&#8220; global_colors_info=&#8220;{}&#8220; custom_padding__hover=&#8220;|||&#8220;][et_pb_text _builder_version=&#8220;4.16&#8243; background_size=&#8220;initial&#8220; background_position=&#8220;top_left&#8220; background_repeat=&#8220;repeat&#8220; text_orientation=&#8220;center&#8220; background_layout=&#8220;dark&#8220; module_alignment=&#8220;center&#8220; use_border_color=&#8220;off&#8220; border_color=&#8220;#ffffff&#8220; border_style=&#8220;solid&#8220; global_colors_info=&#8220;{}&#8220;]<\/p>\n<h3>Ein kleiner Einblick in unseren Campingplatz<\/h3>\n<p>[\/et_pb_text][et_pb_video src=&#8220;https:\/\/youtu.be\/laY53K0SgPQ?si=PLNP752zqyGT9Yxf&#8220; admin_label=&#8220;Video 2024&#8243; _builder_version=&#8220;4.25.2&#8243; _module_preset=&#8220;default&#8220; global_module=&#8220;104670&#8243; saved_tabs=&#8220;all&#8220; global_colors_info=&#8220;{}&#8220;][\/et_pb_video][\/et_pb_column][\/et_pb_row][\/et_pb_section]<\/p>\n","protected":false},"excerpt":{"rendered":"<p>Campingplatz am Meer. Gem\u00fctliche Stimmung, mitten im Gr\u00fcnen, perfekt f\u00fcr ein paar Erholungstage. Machen Sie einen Zwischenstopp hier und entdecken Sie diesen Teil der Welt, es ist einfach!Ab dem 15.07.2023 wird die Kurtaxe der Gemeinde Muggia erhoben: 1,00 \u20ac pro Tag f\u00fcr jeden erwachsenen Gast, f\u00fcr jede Nacht bis maximal zehn N\u00e4chte (PDF-Informationen zur Gemeinde [&hellip;]<\/p>\n","protected":false},"author":1,"featured_media":0,"parent":0,"menu_order":0,"comment_status":"closed","ping_status":"closed","template":"","meta":{"_et_pb_use_builder":"on","_et_pb_old_content":"","_et_gb_content_width":"","footnotes":""},"class_list":["post-1297","page","type-page","status-publish","hentry"],"_links":{"self":[{"href":"https:\/\/campeggiosanbartolomeo.it\/de\/wp-json\/wp\/v2\/pages\/1297","targetHints":{"allow":["GET"]}}],"collection":[{"href":"https:\/\/campeggiosanbartolomeo.it\/de\/wp-json\/wp\/v2\/pages"}],"about":[{"href":"https:\/\/campeggiosanbartolomeo.it\/de\/wp-json\/wp\/v2\/types\/page"}],"author":[{"embeddable":true,"href":"https:\/\/campeggiosanbartolomeo.it\/de\/wp-json\/wp\/v2\/users\/1"}],"replies":[{"embeddable":true,"href":"https:\/\/campeggiosanbartolomeo.it\/de\/wp-json\/wp\/v2\/comments?post=1297"}],"version-history":[{"count":35,"href":"https:\/\/campeggiosanbartolomeo.it\/de\/wp-json\/wp\/v2\/pages\/1297\/revisions"}],"predecessor-version":[{"id":104833,"href":"https:\/\/campeggiosanbartolomeo.it\/de\/wp-json\/wp\/v2\/pages\/1297\/revisions\/104833"}],"wp:attachment":[{"href":"https:\/\/campeggiosanbartolomeo.it\/de\/wp-json\/wp\/v2\/media?parent=1297"}],"curies":[{"name":"wp","href":"https:\/\/api.w.org\/{rel}","templated":true}]}}